{"id":459,"date":"2024-09-03T06:46:50","date_gmt":"2024-09-03T03:46:50","guid":{"rendered":"https:\/\/aug.rehbars.com\/?page_id=459"},"modified":"2024-11-11T18:40:53","modified_gmt":"2024-11-11T16:40:53","slug":"quality-safety","status":"publish","type":"page","link":"https:\/\/www.arabunionglass.com\/fr\/about-us\/quality-safety\/","title":{"rendered":"Qualit\u00e9 Et S\u00e9curit\u00e9"},"content":{"rendered":"<div data-elementor-type=\"wp-page\" data-elementor-id=\"459\" class=\"elementor elementor-459\" data-elementor-post-type=\"page\">\n\t\t\t\t<div class=\"elementor-element elementor-element-2deaf62 e-con-full e-flex e-con e-parent\" data-id=\"2deaf62\" data-element_type=\"container\" data-e-type=\"container\" data-settings=\"{&quot;background_background&quot;:&quot;classic&quot;}\">\n\t\t\t\t<div class=\"elementor-element elementor-element-5397c69 elementor-widget elementor-widget-breadcrumbs\" data-id=\"5397c69\" data-element_type=\"widget\" data-e-type=\"widget\" data-widget_type=\"breadcrumbs.default\">\n\t\t\t\t<div class=\"elementor-widget-container\">\n\t\t\t\t\t<p id=\"breadcrumbs\"><span><span><a href=\"https:\/\/www.arabunionglass.com\/fr\/\">Home<\/a><\/span><\/span><\/p>\t\t\t\t<\/div>\n\t\t\t\t<\/div>\n\t\t\t\t<div class=\"elementor-element elementor-element-6684e41 elementor-widget elementor-widget-heading\" data-id=\"6684e41\" data-element_type=\"widget\" data-e-type=\"widget\" data-widget_type=\"heading.default\">\n\t\t\t\t<div class=\"elementor-widget-container\">\n\t\t\t\t\t<h2 class=\"elementor-heading-title elementor-size-default\">Qualit\u00e9 Et S\u00e9curit\u00e9<\/h2>\t\t\t\t<\/div>\n\t\t\t\t<\/div>\n\t\t\t\t<\/div>\n\t\t<div class=\"elementor-element elementor-element-bf9931f e-con-full e-flex e-con e-parent\" data-id=\"bf9931f\" data-element_type=\"container\" data-e-type=\"container\">\n\t\t<div class=\"elementor-element elementor-element-d41b589 e-con-full e-flex e-con e-child\" data-id=\"d41b589\" data-element_type=\"container\" data-e-type=\"container\">\n\t\t\t\t<div class=\"elementor-element elementor-element-9e9ac3e elementor-widget elementor-widget-heading\" data-id=\"9e9ac3e\" data-element_type=\"widget\" data-e-type=\"widget\" data-widget_type=\"heading.default\">\n\t\t\t\t<div class=\"elementor-widget-container\">\n\t\t\t\t\t<h2 class=\"elementor-heading-title elementor-size-default\">Quality &amp; Safety<\/h2>\t\t\t\t<\/div>\n\t\t\t\t<\/div>\n\t\t\t\t<\/div>\n\t\t\t\t<\/div>\n\t\t<div class=\"elementor-element elementor-element-c20963f e-con-full e-flex e-con e-parent\" data-id=\"c20963f\" data-element_type=\"container\" data-e-type=\"container\">\n\t\t<div class=\"elementor-element elementor-element-54f3866 e-con-full e-flex e-con e-child\" data-id=\"54f3866\" data-element_type=\"container\" data-e-type=\"container\">\n\t\t\t\t<div class=\"elementor-element elementor-element-f7438ac elementor-widget elementor-widget-heading\" data-id=\"f7438ac\" data-element_type=\"widget\" data-e-type=\"widget\" data-widget_type=\"heading.default\">\n\t\t\t\t<div class=\"elementor-widget-container\">\n\t\t\t\t\t<h2 class=\"elementor-heading-title elementor-size-default translation-block\">Chez Arab Union Glass, la s\u00e9curit\u00e9 est notre priorit\u00e9 absolue, tant pour nos pr\u00e9cieux employ\u00e9s que pour nos clients estim\u00e9s.\n<br><br>\n\nNous avons mis en place un programme de s\u00e9curit\u00e9 complet qui englobe tous les aspects de nos op\u00e9rations. Notre personnel hautement qualifi\u00e9 et exp\u00e9riment\u00e9 respecte des protocoles de s\u00e9curit\u00e9 stricts, garantissant un environnement de travail s\u00e9curis\u00e9 pour tous les employ\u00e9s. <br><br>\nNous organisons r\u00e9guli\u00e8rement des sessions de formation sur la s\u00e9curit\u00e9 pour \u00e9duquer notre personnel sur les derni\u00e8res pratiques de s\u00e9curit\u00e9 et l'utilisation des \u00e9quipements. De plus, nous avons mis en \u0153uvre des mesures de s\u00e9curit\u00e9 robustes dans l'ensemble de notre \u00e9tablissement, y compris des machines \u00e0 la pointe de la technologie avec des caract\u00e9ristiques de s\u00e9curit\u00e9 avanc\u00e9es et des v\u00e9rifications d'entretien r\u00e9guli\u00e8res. Nous fournissons \u00e9galement des \u00e9quipements de protection individuelle \u00e0 nos employ\u00e9s et faisons respecter leur utilisation appropri\u00e9e. <br><br>\nPour nos clients, nous veillons \u00e0 ce que tous nos produits en verre respectent les normes de s\u00e9curit\u00e9 les plus strictes et subissent des contr\u00f4les de qualit\u00e9 rigoureux. La satisfaction et la s\u00e9curit\u00e9 de nos clients vont de pair, et nous sommes fiers de fournir des produits exceptionnels qui priorisent leur bien-\u00eatre.<\/h2>\t\t\t\t<\/div>\n\t\t\t\t<\/div>\n\t\t\t\t<\/div>\n\t\t\t\t<\/div>\n\t\t\t\t<\/div>","protected":false},"excerpt":{"rendered":"<p>Quality &amp; Safety At Arab Union Glass, safety is our utmost priority, both for our valued employees and esteemed customers. We have implemented a comprehensive safety program that encompasses every aspect of our operations. Our highly trained and experienced staff adheres to strict safety protocols, ensuring a secure working environment for all employees. We regularly [&hellip;]<\/p>\n","protected":false},"author":1,"featured_media":0,"parent":433,"menu_order":0,"comment_status":"closed","ping_status":"closed","template":"","meta":{"_acf_changed":false,"footnotes":""},"class_list":["post-459","page","type-page","status-publish","hentry"],"blocksy_meta":[],"acf":[],"yoast_head":"<!-- This site is optimized with the Yoast SEO plugin v27.3 - https:\/\/yoast.com\/product\/yoast-seo-wordpress\/ -->\n<title>Quality &amp; Safety - Arab Union Glass<\/title>\n<meta name=\"robots\" content=\"index, follow, max-snippet:-1, max-image-preview:large, max-video-preview:-1\" \/>\n<link rel=\"canonical\" href=\"https:\/\/www.arabunionglass.com\/fr\/about-us\/quality-safety\/\" \/>\n<meta property=\"og:locale\" content=\"fr_FR\" \/>\n<meta property=\"og:type\" content=\"article\" \/>\n<meta property=\"og:title\" content=\"Quality &amp; Safety - Arab Union Glass\" \/>\n<meta property=\"og:description\" content=\"Quality &amp; Safety At Arab Union Glass, safety is our utmost priority, both for our valued employees and esteemed customers. We have implemented a comprehensive safety program that encompasses every aspect of our operations. Our highly trained and experienced staff adheres to strict safety protocols, ensuring a secure working environment for all employees. We regularly [&hellip;]\" \/>\n<meta property=\"og:url\" content=\"https:\/\/www.arabunionglass.com\/fr\/about-us\/quality-safety\/\" \/>\n<meta property=\"og:site_name\" content=\"Arab Union Glass\" \/>\n<meta property=\"article:modified_time\" content=\"2024-11-11T16:40:53+00:00\" \/>\n<meta name=\"twitter:card\" content=\"summary_large_image\" \/>\n<meta name=\"twitter:label1\" content=\"Dur\u00e9e de lecture estim\u00e9e\" \/>\n\t<meta name=\"twitter:data1\" content=\"1 minute\" \/>\n<script type=\"application\/ld+json\" class=\"yoast-schema-graph\">{\"@context\":\"https:\\\/\\\/schema.org\",\"@graph\":[{\"@type\":\"WebPage\",\"@id\":\"https:\\\/\\\/www.arabunionglass.com\\\/about-us\\\/quality-safety\\\/\",\"url\":\"https:\\\/\\\/www.arabunionglass.com\\\/about-us\\\/quality-safety\\\/\",\"name\":\"Quality & Safety - Arab Union Glass\",\"isPartOf\":{\"@id\":\"https:\\\/\\\/www.arabunionglass.com\\\/#website\"},\"datePublished\":\"2024-09-03T03:46:50+00:00\",\"dateModified\":\"2024-11-11T16:40:53+00:00\",\"breadcrumb\":{\"@id\":\"https:\\\/\\\/www.arabunionglass.com\\\/about-us\\\/quality-safety\\\/#breadcrumb\"},\"inLanguage\":\"fr-FR\",\"potentialAction\":[{\"@type\":\"ReadAction\",\"target\":[\"https:\\\/\\\/www.arabunionglass.com\\\/about-us\\\/quality-safety\\\/\"]}]},{\"@type\":\"BreadcrumbList\",\"@id\":\"https:\\\/\\\/www.arabunionglass.com\\\/about-us\\\/quality-safety\\\/#breadcrumb\",\"itemListElement\":[{\"@type\":\"ListItem\",\"position\":1,\"name\":\"Home\",\"item\":\"https:\\\/\\\/www.arabunionglass.com\\\/\"},{\"@type\":\"ListItem\",\"position\":2,\"name\":\"About Us\",\"item\":\"https:\\\/\\\/www.arabunionglass.com\\\/about-us\\\/\"},{\"@type\":\"ListItem\",\"position\":3,\"name\":\"Quality &#038; Safety\"}]},{\"@type\":\"WebSite\",\"@id\":\"https:\\\/\\\/www.arabunionglass.com\\\/#website\",\"url\":\"https:\\\/\\\/www.arabunionglass.com\\\/\",\"name\":\"Arab Union Glass\",\"description\":\"\",\"potentialAction\":[{\"@type\":\"SearchAction\",\"target\":{\"@type\":\"EntryPoint\",\"urlTemplate\":\"https:\\\/\\\/www.arabunionglass.com\\\/?s={search_term_string}\"},\"query-input\":{\"@type\":\"PropertyValueSpecification\",\"valueRequired\":true,\"valueName\":\"search_term_string\"}}],\"inLanguage\":\"fr-FR\"}]}<\/script>\n<!-- \/ Yoast SEO plugin. -->","yoast_head_json":{"title":"Quality & Safety - Arab Union Glass","robots":{"index":"index","follow":"follow","max-snippet":"max-snippet:-1","max-image-preview":"max-image-preview:large","max-video-preview":"max-video-preview:-1"},"canonical":"https:\/\/www.arabunionglass.com\/fr\/about-us\/quality-safety\/","og_locale":"fr_FR","og_type":"article","og_title":"Quality & Safety - Arab Union Glass","og_description":"Quality &amp; Safety At Arab Union Glass, safety is our utmost priority, both for our valued employees and esteemed customers. We have implemented a comprehensive safety program that encompasses every aspect of our operations. Our highly trained and experienced staff adheres to strict safety protocols, ensuring a secure working environment for all employees. We regularly [&hellip;]","og_url":"https:\/\/www.arabunionglass.com\/fr\/about-us\/quality-safety\/","og_site_name":"Arab Union Glass","article_modified_time":"2024-11-11T16:40:53+00:00","twitter_card":"summary_large_image","twitter_misc":{"Dur\u00e9e de lecture estim\u00e9e":"1 minute"},"schema":{"@context":"https:\/\/schema.org","@graph":[{"@type":"WebPage","@id":"https:\/\/www.arabunionglass.com\/about-us\/quality-safety\/","url":"https:\/\/www.arabunionglass.com\/about-us\/quality-safety\/","name":"Quality & Safety - Arab Union Glass","isPartOf":{"@id":"https:\/\/www.arabunionglass.com\/#website"},"datePublished":"2024-09-03T03:46:50+00:00","dateModified":"2024-11-11T16:40:53+00:00","breadcrumb":{"@id":"https:\/\/www.arabunionglass.com\/about-us\/quality-safety\/#breadcrumb"},"inLanguage":"fr-FR","potentialAction":[{"@type":"ReadAction","target":["https:\/\/www.arabunionglass.com\/about-us\/quality-safety\/"]}]},{"@type":"BreadcrumbList","@id":"https:\/\/www.arabunionglass.com\/about-us\/quality-safety\/#breadcrumb","itemListElement":[{"@type":"ListItem","position":1,"name":"Home","item":"https:\/\/www.arabunionglass.com\/"},{"@type":"ListItem","position":2,"name":"About Us","item":"https:\/\/www.arabunionglass.com\/about-us\/"},{"@type":"ListItem","position":3,"name":"Quality &#038; Safety"}]},{"@type":"WebSite","@id":"https:\/\/www.arabunionglass.com\/#website","url":"https:\/\/www.arabunionglass.com\/","name":"Arab Union Glass","description":"","potentialAction":[{"@type":"SearchAction","target":{"@type":"EntryPoint","urlTemplate":"https:\/\/www.arabunionglass.com\/?s={search_term_string}"},"query-input":{"@type":"PropertyValueSpecification","valueRequired":true,"valueName":"search_term_string"}}],"inLanguage":"fr-FR"}]}},"_links":{"self":[{"href":"https:\/\/www.arabunionglass.com\/fr\/wp-json\/wp\/v2\/pages\/459","targetHints":{"allow":["GET"]}}],"collection":[{"href":"https:\/\/www.arabunionglass.com\/fr\/wp-json\/wp\/v2\/pages"}],"about":[{"href":"https:\/\/www.arabunionglass.com\/fr\/wp-json\/wp\/v2\/types\/page"}],"author":[{"embeddable":true,"href":"https:\/\/www.arabunionglass.com\/fr\/wp-json\/wp\/v2\/users\/1"}],"replies":[{"embeddable":true,"href":"https:\/\/www.arabunionglass.com\/fr\/wp-json\/wp\/v2\/comments?post=459"}],"version-history":[{"count":64,"href":"https:\/\/www.arabunionglass.com\/fr\/wp-json\/wp\/v2\/pages\/459\/revisions"}],"predecessor-version":[{"id":3470,"href":"https:\/\/www.arabunionglass.com\/fr\/wp-json\/wp\/v2\/pages\/459\/revisions\/3470"}],"up":[{"embeddable":true,"href":"https:\/\/www.arabunionglass.com\/fr\/wp-json\/wp\/v2\/pages\/433"}],"wp:attachment":[{"href":"https:\/\/www.arabunionglass.com\/fr\/wp-json\/wp\/v2\/media?parent=459"}],"curies":[{"name":"wp","href":"https:\/\/api.w.org\/{rel}","templated":true}]}}