{"id":496,"date":"2024-09-03T07:17:06","date_gmt":"2024-09-03T04:17:06","guid":{"rendered":"https:\/\/aug.rehbars.com\/?page_id=496"},"modified":"2024-11-12T13:12:58","modified_gmt":"2024-11-12T11:12:58","slug":"our-history","status":"publish","type":"page","link":"https:\/\/www.arabunionglass.com\/fr\/about-us\/our-history\/","title":{"rendered":"Notre histoire"},"content":{"rendered":"<div data-elementor-type=\"wp-page\" data-elementor-id=\"496\" class=\"elementor elementor-496\" data-elementor-post-type=\"page\">\n\t\t\t\t<div class=\"elementor-element elementor-element-ca64095 e-con-full e-flex e-con e-parent\" data-id=\"ca64095\" data-element_type=\"container\" data-e-type=\"container\" data-settings=\"{&quot;background_background&quot;:&quot;classic&quot;}\">\n\t\t\t\t<div class=\"elementor-element elementor-element-7bef561 elementor-widget elementor-widget-breadcrumbs\" data-id=\"7bef561\" data-element_type=\"widget\" data-e-type=\"widget\" data-widget_type=\"breadcrumbs.default\">\n\t\t\t\t<div class=\"elementor-widget-container\">\n\t\t\t\t\t<p id=\"breadcrumbs\"><span><span><a href=\"https:\/\/www.arabunionglass.com\/fr\/\">Home<\/a><\/span><\/span><\/p>\t\t\t\t<\/div>\n\t\t\t\t<\/div>\n\t\t\t\t<div class=\"elementor-element elementor-element-de494c1 elementor-widget elementor-widget-heading\" data-id=\"de494c1\" data-element_type=\"widget\" data-e-type=\"widget\" data-widget_type=\"heading.default\">\n\t\t\t\t<div class=\"elementor-widget-container\">\n\t\t\t\t\t<h2 class=\"elementor-heading-title elementor-size-default\">Notre histoire<\/h2>\t\t\t\t<\/div>\n\t\t\t\t<\/div>\n\t\t\t\t<\/div>\n\t\t<div class=\"elementor-element elementor-element-d510fea e-con-full e-flex e-con e-parent\" data-id=\"d510fea\" data-element_type=\"container\" data-e-type=\"container\">\n\t\t<div class=\"elementor-element elementor-element-2b92833 e-con-full e-flex e-con e-child\" data-id=\"2b92833\" data-element_type=\"container\" data-e-type=\"container\">\n\t\t\t\t<div class=\"elementor-element elementor-element-65b3eb3 elementor-widget elementor-widget-heading\" data-id=\"65b3eb3\" data-element_type=\"widget\" data-e-type=\"widget\" data-widget_type=\"heading.default\">\n\t\t\t\t<div class=\"elementor-widget-container\">\n\t\t\t\t\t<h2 class=\"elementor-heading-title elementor-size-default\">ARAB UNION GLASS: UN H\u00c9RITAGE D'EXCELLENCE<\/h2>\t\t\t\t<\/div>\n\t\t\t\t<\/div>\n\t\t\t\t<\/div>\n\t\t\t\t<\/div>\n\t\t<div class=\"elementor-element elementor-element-264ea84 e-con-full e-flex e-con e-parent\" data-id=\"264ea84\" data-element_type=\"container\" data-e-type=\"container\">\n\t\t<div class=\"elementor-element elementor-element-07af7f7 e-con-full e-flex e-con e-child\" data-id=\"07af7f7\" data-element_type=\"container\" data-e-type=\"container\">\n\t\t\t\t<div class=\"elementor-element elementor-element-efaaace elementor-widget elementor-widget-image\" data-id=\"efaaace\" data-element_type=\"widget\" data-e-type=\"widget\" data-widget_type=\"image.default\">\n\t\t\t\t<div class=\"elementor-widget-container\">\n\t\t\t\t\t\t\t\t\t\t\t\t\t\t\t<img fetchpriority=\"high\" decoding=\"async\" width=\"1024\" height=\"928\" src=\"https:\/\/www.arabunionglass.com\/wp-content\/uploads\/2024\/11\/IMG_FF6A81A6D877-1-1024x928.jpeg\" class=\"attachment-large size-large wp-image-3596\" alt=\"\" srcset=\"https:\/\/www.arabunionglass.com\/wp-content\/uploads\/2024\/11\/IMG_FF6A81A6D877-1-1024x928.jpeg 1024w, https:\/\/www.arabunionglass.com\/wp-content\/uploads\/2024\/11\/IMG_FF6A81A6D877-1-300x272.jpeg 300w, https:\/\/www.arabunionglass.com\/wp-content\/uploads\/2024\/11\/IMG_FF6A81A6D877-1-768x696.jpeg 768w, https:\/\/www.arabunionglass.com\/wp-content\/uploads\/2024\/11\/IMG_FF6A81A6D877-1-13x12.jpeg 13w, https:\/\/www.arabunionglass.com\/wp-content\/uploads\/2024\/11\/IMG_FF6A81A6D877-1.jpeg 1163w\" sizes=\"(max-width: 1024px) 100vw, 1024px\" \/>\t\t\t\t\t\t\t\t\t\t\t\t\t\t\t<\/div>\n\t\t\t\t<\/div>\n\t\t\t\t<div class=\"elementor-element elementor-element-8868480 elementor-widget__width-initial elementor-widget elementor-widget-heading\" data-id=\"8868480\" data-element_type=\"widget\" data-e-type=\"widget\" data-widget_type=\"heading.default\">\n\t\t\t\t<div class=\"elementor-widget-container\">\n\t\t\t\t\t<h2 class=\"elementor-heading-title elementor-size-default\">Depuis plus de 60 ans, Arab Union Glass est \u00e0 l'avant-garde de l'industrie de la fabrication du verre. Fond\u00e9e en 1963 par M. Sobhy El-Genedy, l'entreprise est pass\u00e9e d'un petit atelier au Caire \u00e0 une entit\u00e9 de premier plan avec plusieurs usines \u00e0 travers l'\u00c9gypte. Notre r\u00e9putation pour la fourniture de solutions en verre innovantes et de haute qualit\u00e9 est in\u00e9gal\u00e9e, et nous continuons \u00e0 \u00e9tablir des normes dans l'industrie gr\u00e2ce \u00e0 notre engagement envers l'excellence, la durabilit\u00e9 et la satisfaction du client.<\/h2>\t\t\t\t<\/div>\n\t\t\t\t<\/div>\n\t\t\t\t<\/div>\n\t\t\t\t<\/div>\n\t\t<div class=\"elementor-element elementor-element-1be3a9a e-con-full e-flex e-con e-parent\" data-id=\"1be3a9a\" data-element_type=\"container\" data-e-type=\"container\">\n\t\t<div class=\"elementor-element elementor-element-13ebad3 e-con-full e-flex e-con e-child\" data-id=\"13ebad3\" data-element_type=\"container\" data-e-type=\"container\">\n\t\t\t\t<div class=\"elementor-element elementor-element-cb25378 elementor-widget elementor-widget-heading\" data-id=\"cb25378\" data-element_type=\"widget\" data-e-type=\"widget\" data-widget_type=\"heading.default\">\n\t\t\t\t<div class=\"elementor-widget-container\">\n\t\t\t\t\t<h2 class=\"elementor-heading-title elementor-size-default translation-block\">Arab Union Glass a \u00e9t\u00e9 fond\u00e9e en 1963 par M. Sobhy El-Genedy, un homme autodidacte avec la vision de cr\u00e9er un h\u00e9ritage d'un traitement du verre exceptionnel qui perdurerait pour les g\u00e9n\u00e9rations \u00e0 venir. L'histoire a commenc\u00e9 avec un petit atelier et une poign\u00e9e d'employ\u00e9s au Caire.\n<br><br>\n\nM. Sobhy s'est engag\u00e9 \u00e0 fournir les produits de la plus haute qualit\u00e9 et une exp\u00e9rience client \u00e0 une \u00e9poque o\u00f9 de telles valeurs \u00e9taient encore \u00e9trang\u00e8res. \n<br><br>\n\nM. Sobhy n'\u00e9tait pas seulement un entrepreneur talentueux, mais aussi un leader avec un fort sens de la responsabilit\u00e9 sociale. Il a cr\u00e9\u00e9 une culture de reconnaissance et de soin pour ses employ\u00e9s, les traitant comme une famille et veillant \u00e0 leur bien-\u00eatre physique et mental. Il visait \u00e9galement \u00e0 \u00e9tablir des relations durables avec tous ses clients et employ\u00e9s, allant au-del\u00e0 de leurs attentes.\n<br><br>\n\nAu fur et \u00e0 mesure que sa renomm\u00e9e et sa r\u00e9putation grandissaient, M. Sobhy a \u00e9largi sa production en ouvrant de nouveaux ateliers et en se rendant en Allemagne pour explorer de nouvelles machines et techniques de production. Malgr\u00e9 des moments difficiles, l'entreprise a export\u00e9 ses produits finis de haute qualit\u00e9 vers l'Union sovi\u00e9tique (actuellement la Russie) dans les ann\u00e9es 1970 et a \u00e9largi ses exportations vers l'Arabie saoudite en 1980.\n<br><br>\n\nAu d\u00e9but des ann\u00e9es 1990, les ateliers \u00e9parpill\u00e9s de M. Sobhy ont \u00e9t\u00e9 consolid\u00e9s en une seule usine \u00e0 Abbasiya, concr\u00e9tisant son r\u00eave de longue date. Aujourd'hui, Arab Union Glass s'est multipli\u00e9e en plusieurs usines \u00e0 travers l'\u00c9gypte, avec la passion de fournir des produits en verre de haute qualit\u00e9 \u00e0 ses clients.\n<br><br>\n\nL'entreprise d\u00e9tient la plus grande part de march\u00e9 des produits en verre sans cadre en \u00c9gypte et figure parmi les 5 meilleures entreprises du pays.\n<br><br>\n\nArab Union Glass restera toujours inspir\u00e9e et motiv\u00e9e par cet esprit, qui joue un r\u00f4le crucial dans la formation de notre culture, notre croissance et notre succ\u00e8s.<\/h2>\t\t\t\t<\/div>\n\t\t\t\t<\/div>\n\t\t\t\t<\/div>\n\t\t\t\t<\/div>\n\t\t\t\t<\/div>","protected":false},"excerpt":{"rendered":"<p>Arab Union Glass: A Legacy of Excellence For over 60 years, Arab Union Glass has been at the forefront of the glass manufacturing industry. Founded in 1963 by Mr. Sobhy El-Genedy, the company has grown from a small workshop in Cairo to a leading entity with multiple factories across Egypt. Our reputation for delivering high-quality, [&hellip;]<\/p>\n","protected":false},"author":1,"featured_media":0,"parent":433,"menu_order":0,"comment_status":"closed","ping_status":"closed","template":"","meta":{"_acf_changed":false,"footnotes":""},"class_list":["post-496","page","type-page","status-publish","hentry"],"blocksy_meta":[],"acf":[],"yoast_head":"<!-- This site is optimized with the Yoast SEO plugin v27.5 - https:\/\/yoast.com\/product\/yoast-seo-wordpress\/ -->\n<title>Our History - Arab Union Glass<\/title>\n<meta name=\"robots\" content=\"index, follow, max-snippet:-1, max-image-preview:large, max-video-preview:-1\" \/>\n<link rel=\"canonical\" href=\"https:\/\/www.arabunionglass.com\/fr\/about-us\/our-history\/\" \/>\n<meta property=\"og:locale\" content=\"fr_FR\" \/>\n<meta property=\"og:type\" content=\"article\" \/>\n<meta property=\"og:title\" content=\"Our History - Arab Union Glass\" \/>\n<meta property=\"og:description\" content=\"Arab Union Glass: A Legacy of Excellence For over 60 years, Arab Union Glass has been at the forefront of the glass manufacturing industry. Founded in 1963 by Mr. Sobhy El-Genedy, the company has grown from a small workshop in Cairo to a leading entity with multiple factories across Egypt. Our reputation for delivering high-quality, [&hellip;]\" \/>\n<meta property=\"og:url\" content=\"https:\/\/www.arabunionglass.com\/fr\/about-us\/our-history\/\" \/>\n<meta property=\"og:site_name\" content=\"Arab Union Glass\" \/>\n<meta property=\"article:modified_time\" content=\"2024-11-12T11:12:58+00:00\" \/>\n<meta property=\"og:image\" content=\"https:\/\/www.arabunionglass.com\/wp-content\/uploads\/2024\/11\/IMG_FF6A81A6D877-1-1024x928.jpeg\" \/>\n<meta name=\"twitter:card\" content=\"summary_large_image\" \/>\n<meta name=\"twitter:label1\" content=\"Dur\u00e9e de lecture estim\u00e9e\" \/>\n\t<meta name=\"twitter:data1\" content=\"2 minutes\" \/>\n<script type=\"application\/ld+json\" class=\"yoast-schema-graph\">{\"@context\":\"https:\\\/\\\/schema.org\",\"@graph\":[{\"@type\":\"WebPage\",\"@id\":\"https:\\\/\\\/www.arabunionglass.com\\\/about-us\\\/our-history\\\/\",\"url\":\"https:\\\/\\\/www.arabunionglass.com\\\/about-us\\\/our-history\\\/\",\"name\":\"Our History - Arab Union Glass\",\"isPartOf\":{\"@id\":\"https:\\\/\\\/www.arabunionglass.com\\\/#website\"},\"primaryImageOfPage\":{\"@id\":\"https:\\\/\\\/www.arabunionglass.com\\\/about-us\\\/our-history\\\/#primaryimage\"},\"image\":{\"@id\":\"https:\\\/\\\/www.arabunionglass.com\\\/about-us\\\/our-history\\\/#primaryimage\"},\"thumbnailUrl\":\"https:\\\/\\\/www.arabunionglass.com\\\/wp-content\\\/uploads\\\/2024\\\/11\\\/IMG_FF6A81A6D877-1-1024x928.jpeg\",\"datePublished\":\"2024-09-03T04:17:06+00:00\",\"dateModified\":\"2024-11-12T11:12:58+00:00\",\"breadcrumb\":{\"@id\":\"https:\\\/\\\/www.arabunionglass.com\\\/about-us\\\/our-history\\\/#breadcrumb\"},\"inLanguage\":\"fr-FR\",\"potentialAction\":[{\"@type\":\"ReadAction\",\"target\":[\"https:\\\/\\\/www.arabunionglass.com\\\/about-us\\\/our-history\\\/\"]}]},{\"@type\":\"ImageObject\",\"inLanguage\":\"fr-FR\",\"@id\":\"https:\\\/\\\/www.arabunionglass.com\\\/about-us\\\/our-history\\\/#primaryimage\",\"url\":\"https:\\\/\\\/www.arabunionglass.com\\\/wp-content\\\/uploads\\\/2024\\\/11\\\/IMG_FF6A81A6D877-1-1024x928.jpeg\",\"contentUrl\":\"https:\\\/\\\/www.arabunionglass.com\\\/wp-content\\\/uploads\\\/2024\\\/11\\\/IMG_FF6A81A6D877-1-1024x928.jpeg\"},{\"@type\":\"BreadcrumbList\",\"@id\":\"https:\\\/\\\/www.arabunionglass.com\\\/about-us\\\/our-history\\\/#breadcrumb\",\"itemListElement\":[{\"@type\":\"ListItem\",\"position\":1,\"name\":\"Home\",\"item\":\"https:\\\/\\\/www.arabunionglass.com\\\/\"},{\"@type\":\"ListItem\",\"position\":2,\"name\":\"About Us\",\"item\":\"https:\\\/\\\/www.arabunionglass.com\\\/about-us\\\/\"},{\"@type\":\"ListItem\",\"position\":3,\"name\":\"Our History\"}]},{\"@type\":\"WebSite\",\"@id\":\"https:\\\/\\\/www.arabunionglass.com\\\/#website\",\"url\":\"https:\\\/\\\/www.arabunionglass.com\\\/\",\"name\":\"Arab Union Glass\",\"description\":\"\",\"potentialAction\":[{\"@type\":\"SearchAction\",\"target\":{\"@type\":\"EntryPoint\",\"urlTemplate\":\"https:\\\/\\\/www.arabunionglass.com\\\/?s={search_term_string}\"},\"query-input\":{\"@type\":\"PropertyValueSpecification\",\"valueRequired\":true,\"valueName\":\"search_term_string\"}}],\"inLanguage\":\"fr-FR\"}]}<\/script>\n<!-- \/ Yoast SEO plugin. -->","yoast_head_json":{"title":"Our History - Arab Union Glass","robots":{"index":"index","follow":"follow","max-snippet":"max-snippet:-1","max-image-preview":"max-image-preview:large","max-video-preview":"max-video-preview:-1"},"canonical":"https:\/\/www.arabunionglass.com\/fr\/about-us\/our-history\/","og_locale":"fr_FR","og_type":"article","og_title":"Our History - Arab Union Glass","og_description":"Arab Union Glass: A Legacy of Excellence For over 60 years, Arab Union Glass has been at the forefront of the glass manufacturing industry. Founded in 1963 by Mr. Sobhy El-Genedy, the company has grown from a small workshop in Cairo to a leading entity with multiple factories across Egypt. Our reputation for delivering high-quality, [&hellip;]","og_url":"https:\/\/www.arabunionglass.com\/fr\/about-us\/our-history\/","og_site_name":"Arab Union Glass","article_modified_time":"2024-11-12T11:12:58+00:00","og_image":[{"url":"https:\/\/www.arabunionglass.com\/wp-content\/uploads\/2024\/11\/IMG_FF6A81A6D877-1-1024x928.jpeg","type":"","width":"","height":""}],"twitter_card":"summary_large_image","twitter_misc":{"Dur\u00e9e de lecture estim\u00e9e":"2 minutes"},"schema":{"@context":"https:\/\/schema.org","@graph":[{"@type":"WebPage","@id":"https:\/\/www.arabunionglass.com\/about-us\/our-history\/","url":"https:\/\/www.arabunionglass.com\/about-us\/our-history\/","name":"Our History - Arab Union Glass","isPartOf":{"@id":"https:\/\/www.arabunionglass.com\/#website"},"primaryImageOfPage":{"@id":"https:\/\/www.arabunionglass.com\/about-us\/our-history\/#primaryimage"},"image":{"@id":"https:\/\/www.arabunionglass.com\/about-us\/our-history\/#primaryimage"},"thumbnailUrl":"https:\/\/www.arabunionglass.com\/wp-content\/uploads\/2024\/11\/IMG_FF6A81A6D877-1-1024x928.jpeg","datePublished":"2024-09-03T04:17:06+00:00","dateModified":"2024-11-12T11:12:58+00:00","breadcrumb":{"@id":"https:\/\/www.arabunionglass.com\/about-us\/our-history\/#breadcrumb"},"inLanguage":"fr-FR","potentialAction":[{"@type":"ReadAction","target":["https:\/\/www.arabunionglass.com\/about-us\/our-history\/"]}]},{"@type":"ImageObject","inLanguage":"fr-FR","@id":"https:\/\/www.arabunionglass.com\/about-us\/our-history\/#primaryimage","url":"https:\/\/www.arabunionglass.com\/wp-content\/uploads\/2024\/11\/IMG_FF6A81A6D877-1-1024x928.jpeg","contentUrl":"https:\/\/www.arabunionglass.com\/wp-content\/uploads\/2024\/11\/IMG_FF6A81A6D877-1-1024x928.jpeg"},{"@type":"BreadcrumbList","@id":"https:\/\/www.arabunionglass.com\/about-us\/our-history\/#breadcrumb","itemListElement":[{"@type":"ListItem","position":1,"name":"Home","item":"https:\/\/www.arabunionglass.com\/"},{"@type":"ListItem","position":2,"name":"About Us","item":"https:\/\/www.arabunionglass.com\/about-us\/"},{"@type":"ListItem","position":3,"name":"Our History"}]},{"@type":"WebSite","@id":"https:\/\/www.arabunionglass.com\/#website","url":"https:\/\/www.arabunionglass.com\/","name":"Arab Union Glass","description":"","potentialAction":[{"@type":"SearchAction","target":{"@type":"EntryPoint","urlTemplate":"https:\/\/www.arabunionglass.com\/?s={search_term_string}"},"query-input":{"@type":"PropertyValueSpecification","valueRequired":true,"valueName":"search_term_string"}}],"inLanguage":"fr-FR"}]}},"_links":{"self":[{"href":"https:\/\/www.arabunionglass.com\/fr\/wp-json\/wp\/v2\/pages\/496","targetHints":{"allow":["GET"]}}],"collection":[{"href":"https:\/\/www.arabunionglass.com\/fr\/wp-json\/wp\/v2\/pages"}],"about":[{"href":"https:\/\/www.arabunionglass.com\/fr\/wp-json\/wp\/v2\/types\/page"}],"author":[{"embeddable":true,"href":"https:\/\/www.arabunionglass.com\/fr\/wp-json\/wp\/v2\/users\/1"}],"replies":[{"embeddable":true,"href":"https:\/\/www.arabunionglass.com\/fr\/wp-json\/wp\/v2\/comments?post=496"}],"version-history":[{"count":61,"href":"https:\/\/www.arabunionglass.com\/fr\/wp-json\/wp\/v2\/pages\/496\/revisions"}],"predecessor-version":[{"id":3600,"href":"https:\/\/www.arabunionglass.com\/fr\/wp-json\/wp\/v2\/pages\/496\/revisions\/3600"}],"up":[{"embeddable":true,"href":"https:\/\/www.arabunionglass.com\/fr\/wp-json\/wp\/v2\/pages\/433"}],"wp:attachment":[{"href":"https:\/\/www.arabunionglass.com\/fr\/wp-json\/wp\/v2\/media?parent=496"}],"curies":[{"name":"wp","href":"https:\/\/api.w.org\/{rel}","templated":true}]}}